{"id":60,"date":"2017-04-06T18:42:06","date_gmt":"2017-04-06T16:42:06","guid":{"rendered":"http:\/\/circus-europa.de\/?page_id=60"},"modified":"2022-03-27T22:20:42","modified_gmt":"2022-03-27T20:20:42","slug":"unsere-tiere","status":"publish","type":"page","link":"https:\/\/circus-europa.de\/index.php\/unsere-tiere\/","title":{"rendered":"Unsere Tiere"},"content":{"rendered":"<p style=\"text-align: justify;\"><span style=\"color: #333333;\">Der Circus Europa f\u00fchrt \u00fcber 40 Tiere in seinem rollenden Zoo mit sich, darunter Pferde, Ponys, Kamele, und Lamas. Alle unsere Tiere leben in gro\u00dfen Stallzelten und Freigehegen, in denen sie sich rund um die Uhr frei bewegen k\u00f6nnen. Unsere modernsten Spezialtransportwagen sind genau auf die Bed\u00fcrfnisse unserer Vierbeiner angepasst. So garantieren sie einen stressfreien Transport von Stadt zu Stadt. Dennoch versuchen wir die Transportdauer so kurz wie m\u00f6glich zu halten. So werden unsere Tiere erst kurz vor Abfahrt auf die Transporter verladen und direkt bei Ankunft am neuen Spielort wieder in ihre Gehege gelassen, die immer als erstes aufgebaut&nbsp;werden.<\/span><\/p>\n<p style=\"text-align: center;\">&nbsp;<\/p>\n<p style=\"text-align: center;\"><span style=\"color: #333333;\">In den Vorstellungspausen, haben Sie die M\u00f6glichkeit&nbsp;sich selbst ein Bild von unserer vorbildlichen Tierhaltung&nbsp;zu machen.<\/span><\/p>\n<!-- index.php -->\n<div\n\tclass=\"ngg-galleryoverview ngg-ajax-pagination-none\"\n\tid=\"ngg-gallery-834e19d3bbc87dde817e2d0e9a58f64b-1\">\n\n    \t\t<!-- Thumbnails -->\n\t\t\t\t<div id=\"ngg-image-0\" class=\"ngg-gallery-thumbnail-box\" >\n\t\t\t\t        <div class=\"ngg-gallery-thumbnail\">\n            <a href=\"https:\/\/circus-europa.de\/wp-content\/gallery\/tierschau\/MG_1897.jpg\"\n               title=\"\"\n               data-src=\"https:\/\/circus-europa.de\/wp-content\/gallery\/tierschau\/MG_1897.jpg\"\n               data-thumbnail=\"https:\/\/circus-europa.de\/wp-content\/gallery\/tierschau\/thumbs\/thumbs_MG_1897.jpg\"\n               data-image-id=\"56\"\n               data-title=\"_MG_1897\"\n               data-description=\"\"\n               data-image-slug=\"_mg_1897\"\n               class=\"ngg-fancybox\" rel=\"834e19d3bbc87dde817e2d0e9a58f64b\">\n                <img\n                    title=\"_MG_1897\"\n                    alt=\"_MG_1897\"\n                    src=\"https:\/\/circus-europa.de\/wp-content\/gallery\/tierschau\/thumbs\/thumbs_MG_1897.jpg\"\n                    width=\"107\"\n                    height=\"160\"\n                    style=\"max-width:100%;\"\n                \/>\n            <\/a>\n        <\/div>\n\t\t\t\t\t\t\t<\/div> \n\t\t\t\n        \n\t\t\t\t<div id=\"ngg-image-1\" class=\"ngg-gallery-thumbnail-box\" >\n\t\t\t\t        <div class=\"ngg-gallery-thumbnail\">\n            <a href=\"https:\/\/circus-europa.de\/wp-content\/gallery\/tierschau\/Foto-08.04.17-19-40-13.jpg\"\n               title=\"\"\n               data-src=\"https:\/\/circus-europa.de\/wp-content\/gallery\/tierschau\/Foto-08.04.17-19-40-13.jpg\"\n               data-thumbnail=\"https:\/\/circus-europa.de\/wp-content\/gallery\/tierschau\/thumbs\/thumbs_Foto-08.04.17-19-40-13.jpg\"\n               data-image-id=\"5\"\n               data-title=\"Foto 08.04.17, 19 40 13\"\n               data-description=\"\"\n               data-image-slug=\"foto-08-04-17-19-40-13\"\n               class=\"ngg-fancybox\" rel=\"834e19d3bbc87dde817e2d0e9a58f64b\">\n                <img\n                    title=\"Foto 08.04.17, 19 40 13\"\n                    alt=\"Foto 08.04.17, 19 40 13\"\n                    src=\"https:\/\/circus-europa.de\/wp-content\/gallery\/tierschau\/thumbs\/thumbs_Foto-08.04.17-19-40-13.jpg\"\n                    width=\"240\"\n                    height=\"160\"\n                    style=\"max-width:100%;\"\n                \/>\n            <\/a>\n        <\/div>\n\t\t\t\t\t\t\t<\/div> \n\t\t\t\n        \n\t\t\t\t<div id=\"ngg-image-2\" class=\"ngg-gallery-thumbnail-box\" >\n\t\t\t\t        <div class=\"ngg-gallery-thumbnail\">\n            <a href=\"https:\/\/circus-europa.de\/wp-content\/gallery\/tierschau\/Foto-08.04.17-19-40-18.jpg\"\n               title=\"\"\n               data-src=\"https:\/\/circus-europa.de\/wp-content\/gallery\/tierschau\/Foto-08.04.17-19-40-18.jpg\"\n               data-thumbnail=\"https:\/\/circus-europa.de\/wp-content\/gallery\/tierschau\/thumbs\/thumbs_Foto-08.04.17-19-40-18.jpg\"\n               data-image-id=\"7\"\n               data-title=\"Foto 08.04.17, 19 40 18\"\n               data-description=\"\"\n               data-image-slug=\"foto-08-04-17-19-40-18\"\n               class=\"ngg-fancybox\" rel=\"834e19d3bbc87dde817e2d0e9a58f64b\">\n                <img\n                    title=\"Foto 08.04.17, 19 40 18\"\n                    alt=\"Foto 08.04.17, 19 40 18\"\n                    src=\"https:\/\/circus-europa.de\/wp-content\/gallery\/tierschau\/thumbs\/thumbs_Foto-08.04.17-19-40-18.jpg\"\n                    width=\"240\"\n                    height=\"160\"\n                    style=\"max-width:100%;\"\n                \/>\n            <\/a>\n        <\/div>\n\t\t\t\t\t\t\t<\/div> \n\t\t\t\n        \n\t\t\t\t<div id=\"ngg-image-3\" class=\"ngg-gallery-thumbnail-box\" >\n\t\t\t\t        <div class=\"ngg-gallery-thumbnail\">\n            <a href=\"https:\/\/circus-europa.de\/wp-content\/gallery\/tierschau\/Foto-08.04.17-20-05-57-1.jpg\"\n               title=\"\"\n               data-src=\"https:\/\/circus-europa.de\/wp-content\/gallery\/tierschau\/Foto-08.04.17-20-05-57-1.jpg\"\n               data-thumbnail=\"https:\/\/circus-europa.de\/wp-content\/gallery\/tierschau\/thumbs\/thumbs_Foto-08.04.17-20-05-57-1.jpg\"\n               data-image-id=\"12\"\n               data-title=\"Foto 08.04.17, 20 05 57 (1)\"\n               data-description=\"\"\n               data-image-slug=\"foto-08-04-17-20-05-57-1\"\n               class=\"ngg-fancybox\" rel=\"834e19d3bbc87dde817e2d0e9a58f64b\">\n                <img\n                    title=\"Foto 08.04.17, 20 05 57 (1)\"\n                    alt=\"Foto 08.04.17, 20 05 57 (1)\"\n                    src=\"https:\/\/circus-europa.de\/wp-content\/gallery\/tierschau\/thumbs\/thumbs_Foto-08.04.17-20-05-57-1.jpg\"\n                    width=\"240\"\n                    height=\"160\"\n                    style=\"max-width:100%;\"\n                \/>\n            <\/a>\n        <\/div>\n\t\t\t\t\t\t\t<\/div> \n\t\t\t\n        \n\t\t\t\t<div id=\"ngg-image-4\" class=\"ngg-gallery-thumbnail-box\" >\n\t\t\t\t        <div class=\"ngg-gallery-thumbnail\">\n            <a href=\"https:\/\/circus-europa.de\/wp-content\/gallery\/tierschau\/Foto-08.04.17-20-05-44-1.jpg\"\n               title=\"\"\n               data-src=\"https:\/\/circus-europa.de\/wp-content\/gallery\/tierschau\/Foto-08.04.17-20-05-44-1.jpg\"\n               data-thumbnail=\"https:\/\/circus-europa.de\/wp-content\/gallery\/tierschau\/thumbs\/thumbs_Foto-08.04.17-20-05-44-1.jpg\"\n               data-image-id=\"8\"\n               data-title=\"Foto 08.04.17, 20 05 44 (1)\"\n               data-description=\"\"\n               data-image-slug=\"foto-08-04-17-20-05-44-1\"\n               class=\"ngg-fancybox\" rel=\"834e19d3bbc87dde817e2d0e9a58f64b\">\n                <img\n                    title=\"Foto 08.04.17, 20 05 44 (1)\"\n                    alt=\"Foto 08.04.17, 20 05 44 (1)\"\n                    src=\"https:\/\/circus-europa.de\/wp-content\/gallery\/tierschau\/thumbs\/thumbs_Foto-08.04.17-20-05-44-1.jpg\"\n                    width=\"240\"\n                    height=\"160\"\n                    style=\"max-width:100%;\"\n                \/>\n            <\/a>\n        <\/div>\n\t\t\t\t\t\t\t<\/div> \n\t\t\t\n        \n\t\t\t\t<div id=\"ngg-image-5\" class=\"ngg-gallery-thumbnail-box\" >\n\t\t\t\t        <div class=\"ngg-gallery-thumbnail\">\n            <a href=\"https:\/\/circus-europa.de\/wp-content\/gallery\/tierschau\/Foto-08.04.17-20-05-45.jpg\"\n               title=\"\"\n               data-src=\"https:\/\/circus-europa.de\/wp-content\/gallery\/tierschau\/Foto-08.04.17-20-05-45.jpg\"\n               data-thumbnail=\"https:\/\/circus-europa.de\/wp-content\/gallery\/tierschau\/thumbs\/thumbs_Foto-08.04.17-20-05-45.jpg\"\n               data-image-id=\"11\"\n               data-title=\"Foto 08.04.17, 20 05 45\"\n               data-description=\"\"\n               data-image-slug=\"foto-08-04-17-20-05-45\"\n               class=\"ngg-fancybox\" rel=\"834e19d3bbc87dde817e2d0e9a58f64b\">\n                <img\n                    title=\"Foto 08.04.17, 20 05 45\"\n                    alt=\"Foto 08.04.17, 20 05 45\"\n                    src=\"https:\/\/circus-europa.de\/wp-content\/gallery\/tierschau\/thumbs\/thumbs_Foto-08.04.17-20-05-45.jpg\"\n                    width=\"240\"\n                    height=\"160\"\n                    style=\"max-width:100%;\"\n                \/>\n            <\/a>\n        <\/div>\n\t\t\t\t\t\t\t<\/div> \n\t\t\t\n        \n\t\t\t\t<div id=\"ngg-image-6\" class=\"ngg-gallery-thumbnail-box\" >\n\t\t\t\t        <div class=\"ngg-gallery-thumbnail\">\n            <a href=\"https:\/\/circus-europa.de\/wp-content\/gallery\/tierschau\/Foto-08.04.17-20-05-44.jpg\"\n               title=\"\"\n               data-src=\"https:\/\/circus-europa.de\/wp-content\/gallery\/tierschau\/Foto-08.04.17-20-05-44.jpg\"\n               data-thumbnail=\"https:\/\/circus-europa.de\/wp-content\/gallery\/tierschau\/thumbs\/thumbs_Foto-08.04.17-20-05-44.jpg\"\n               data-image-id=\"10\"\n               data-title=\"Foto 08.04.17, 20 05 44\"\n               data-description=\"\"\n               data-image-slug=\"foto-08-04-17-20-05-44-4\"\n               class=\"ngg-fancybox\" rel=\"834e19d3bbc87dde817e2d0e9a58f64b\">\n                <img\n                    title=\"Foto 08.04.17, 20 05 44\"\n                    alt=\"Foto 08.04.17, 20 05 44\"\n                    src=\"https:\/\/circus-europa.de\/wp-content\/gallery\/tierschau\/thumbs\/thumbs_Foto-08.04.17-20-05-44.jpg\"\n                    width=\"240\"\n                    height=\"160\"\n                    style=\"max-width:100%;\"\n                \/>\n            <\/a>\n        <\/div>\n\t\t\t\t\t\t\t<\/div> \n\t\t\t\n        \n\t\t\t\t<div id=\"ngg-image-7\" class=\"ngg-gallery-thumbnail-box\" >\n\t\t\t\t        <div class=\"ngg-gallery-thumbnail\">\n            <a href=\"https:\/\/circus-europa.de\/wp-content\/gallery\/tierschau\/MG_2417.jpg\"\n               title=\"\"\n               data-src=\"https:\/\/circus-europa.de\/wp-content\/gallery\/tierschau\/MG_2417.jpg\"\n               data-thumbnail=\"https:\/\/circus-europa.de\/wp-content\/gallery\/tierschau\/thumbs\/thumbs_MG_2417.jpg\"\n               data-image-id=\"54\"\n               data-title=\"_MG_2417\"\n               data-description=\"\"\n               data-image-slug=\"_mg_2417\"\n               class=\"ngg-fancybox\" rel=\"834e19d3bbc87dde817e2d0e9a58f64b\">\n                <img\n                    title=\"_MG_2417\"\n                    alt=\"_MG_2417\"\n                    src=\"https:\/\/circus-europa.de\/wp-content\/gallery\/tierschau\/thumbs\/thumbs_MG_2417.jpg\"\n                    width=\"240\"\n                    height=\"160\"\n                    style=\"max-width:100%;\"\n                \/>\n            <\/a>\n        <\/div>\n\t\t\t\t\t\t\t<\/div> \n\t\t\t\n        \n\t\t\t\t<div id=\"ngg-image-8\" class=\"ngg-gallery-thumbnail-box\" >\n\t\t\t\t        <div class=\"ngg-gallery-thumbnail\">\n            <a href=\"https:\/\/circus-europa.de\/wp-content\/gallery\/tierschau\/MG_2410.jpg\"\n               title=\"\"\n               data-src=\"https:\/\/circus-europa.de\/wp-content\/gallery\/tierschau\/MG_2410.jpg\"\n               data-thumbnail=\"https:\/\/circus-europa.de\/wp-content\/gallery\/tierschau\/thumbs\/thumbs_MG_2410.jpg\"\n               data-image-id=\"52\"\n               data-title=\"_MG_2410\"\n               data-description=\"\"\n               data-image-slug=\"_mg_2410\"\n               class=\"ngg-fancybox\" rel=\"834e19d3bbc87dde817e2d0e9a58f64b\">\n                <img\n                    title=\"_MG_2410\"\n                    alt=\"_MG_2410\"\n                    src=\"https:\/\/circus-europa.de\/wp-content\/gallery\/tierschau\/thumbs\/thumbs_MG_2410.jpg\"\n                    width=\"240\"\n                    height=\"160\"\n                    style=\"max-width:100%;\"\n                \/>\n            <\/a>\n        <\/div>\n\t\t\t\t\t\t\t<\/div> \n\t\t\t\n        \n\t\t\t\t<div id=\"ngg-image-9\" class=\"ngg-gallery-thumbnail-box\" >\n\t\t\t\t        <div class=\"ngg-gallery-thumbnail\">\n            <a href=\"https:\/\/circus-europa.de\/wp-content\/gallery\/tierschau\/MG_2425.jpg\"\n               title=\"\"\n               data-src=\"https:\/\/circus-europa.de\/wp-content\/gallery\/tierschau\/MG_2425.jpg\"\n               data-thumbnail=\"https:\/\/circus-europa.de\/wp-content\/gallery\/tierschau\/thumbs\/thumbs_MG_2425.jpg\"\n               data-image-id=\"55\"\n               data-title=\"_MG_2425\"\n               data-description=\"\"\n               data-image-slug=\"_mg_2425\"\n               class=\"ngg-fancybox\" rel=\"834e19d3bbc87dde817e2d0e9a58f64b\">\n                <img\n                    title=\"_MG_2425\"\n                    alt=\"_MG_2425\"\n                    src=\"https:\/\/circus-europa.de\/wp-content\/gallery\/tierschau\/thumbs\/thumbs_MG_2425.jpg\"\n                    width=\"240\"\n                    height=\"160\"\n                    style=\"max-width:100%;\"\n                \/>\n            <\/a>\n        <\/div>\n\t\t\t\t\t\t\t<\/div> \n\t\t\t\n        \n\t\t\n\t\t<!-- Pagination -->\n\t<div class='ngg-clear'><\/div>\t<\/div>\n\n","protected":false},"excerpt":{"rendered":"<p>Der Circus Europa f\u00fchrt \u00fcber 40 Tiere in seinem rollenden Zoo mit sich, darunter Pferde, Ponys, Kamele, und Lamas. Alle unsere Tiere leben in gro\u00dfen Stallzelten und Freigehegen, in denen sie sich rund um die Uhr frei bewegen k\u00f6nnen. Unsere<a class=\"more-link\" href=\"https:\/\/circus-europa.de\/index.php\/unsere-tiere\/\" title=\"Unsere Tiere\"><span>Mehr lesen<\/span><\/a><\/p>\n","protected":false},"author":2,"featured_media":0,"parent":0,"menu_order":40,"comment_status":"closed","ping_status":"closed","template":"","meta":{"ngg_post_thumbnail":0},"_links":{"self":[{"href":"https:\/\/circus-europa.de\/index.php\/wp-json\/wp\/v2\/pages\/60"}],"collection":[{"href":"https:\/\/circus-europa.de\/index.php\/wp-json\/wp\/v2\/pages"}],"about":[{"href":"https:\/\/circus-europa.de\/index.php\/wp-json\/wp\/v2\/types\/page"}],"author":[{"embeddable":true,"href":"https:\/\/circus-europa.de\/index.php\/wp-json\/wp\/v2\/users\/2"}],"replies":[{"embeddable":true,"href":"https:\/\/circus-europa.de\/index.php\/wp-json\/wp\/v2\/comments?post=60"}],"version-history":[{"count":17,"href":"https:\/\/circus-europa.de\/index.php\/wp-json\/wp\/v2\/pages\/60\/revisions"}],"predecessor-version":[{"id":823,"href":"https:\/\/circus-europa.de\/index.php\/wp-json\/wp\/v2\/pages\/60\/revisions\/823"}],"wp:attachment":[{"href":"https:\/\/circus-europa.de\/index.php\/wp-json\/wp\/v2\/media?parent=60"}],"curies":[{"name":"wp","href":"https:\/\/api.w.org\/{rel}","templated":true}]}}