{"id":56,"date":"2018-05-08T22:07:15","date_gmt":"2018-05-08T20:07:15","guid":{"rendered":"http:\/\/circus-europa.de\/?page_id=56"},"modified":"2024-04-04T14:34:45","modified_gmt":"2024-04-04T12:34:45","slug":"tickets-infos","status":"publish","type":"page","link":"https:\/\/circus-europa.de\/index.php\/tickets-infos\/","title":{"rendered":"Tickets &#038; Infos"},"content":{"rendered":"<p style=\"text-align: center;\">\n\t\t<!-- MasterSlider -->\n\t\t<div id=\"P_MS69f12e6df0274\" class=\"master-slider-parent msl ms-parent-id-6\" style=\"max-width:1500px;\"  >\n\n\t\t\t\n\t\t\t<!-- MasterSlider Main -->\n\t\t\t<div id=\"MS69f12e6df0274\" class=\"master-slider ms-skin-default\" >\n\t\t\t\t \t\t\t\t \n\t\t\t\t<div  class=\"ms-slide\" data-delay=\"3\" data-fill-mode=\"fill\"  >\n\t\t\t\t\t<img src=\"https:\/\/circus-europa.de\/wp-content\/plugins\/master-slider\/public\/assets\/css\/blank.gif\" alt=\"\" title=\"\" data-src=\"https:\/\/circus-europa.de\/wp-content\/uploads\/2017\/04\/Slider_Tickets3.jpg\" \/>\n\n\n\t<div class=\"ms-thumb\" ><div class=\"ms-tab-context\"><div class=&quot;ms-tab-context&quot;><\/div><\/div>\n<\/div>\n\t\t\t\t<\/div>\n\t\t\t\t<div  class=\"ms-slide\" data-delay=\"3\" data-fill-mode=\"fill\"  >\n\t\t\t\t\t<img src=\"https:\/\/circus-europa.de\/wp-content\/plugins\/master-slider\/public\/assets\/css\/blank.gif\" alt=\"\" title=\"\" data-src=\"https:\/\/circus-europa.de\/wp-content\/uploads\/2017\/04\/Slider_Tickets1.jpg\" \/>\n\n\n\t<div class=\"ms-thumb\" ><div class=\"ms-tab-context\"><div class=&quot;ms-tab-context&quot;><\/div><\/div>\n<\/div>\n\t\t\t\t<\/div>\n\t\t\t\t<div  class=\"ms-slide\" data-delay=\"3\" data-fill-mode=\"fill\"  >\n\t\t\t\t\t<img src=\"https:\/\/circus-europa.de\/wp-content\/plugins\/master-slider\/public\/assets\/css\/blank.gif\" alt=\"\" title=\"\" data-src=\"https:\/\/circus-europa.de\/wp-content\/uploads\/2017\/04\/Slider_Tickets2.jpg\" \/>\n\n\n\t<div class=\"ms-thumb\" ><div class=\"ms-tab-context\"><div class=&quot;ms-tab-context&quot;><\/div><\/div>\n<\/div>\n\t\t\t\t<\/div>\n\n\t\t\t<\/div>\n\t\t\t<!-- END MasterSlider Main -->\n\n\t\t\t \n\t\t<\/div>\n\t\t<!-- END MasterSlider -->\n\n\t\t<script>\n\t\t(function ( $ ) {\n\t\t\t\"use strict\";\n\n\t\t\t$(function () {\n\t\t\t\tvar masterslider_0274 = new MasterSlider();\n\n\t\t\t\t\/\/ slider controls\n\n\t\t\t\t\/\/ slider setup\n\t\t\t\tmasterslider_0274.setup(\"MS69f12e6df0274\", {\n\t\t\t\t\t\twidth           : 1500,\n\t\t\t\t\t\theight          : 400,\n\t\t\t\t\t\tminHeight       : 0,\n\t\t\t\t\t\tspace           : 0,\n\t\t\t\t\t\tstart           : 1,\n\t\t\t\t\t\tgrabCursor      : true,\n\t\t\t\t\t\tswipe           : true,\n\t\t\t\t\t\tmouse           : true,\n\t\t\t\t\t\tlayout          : \"boxed\",\n\t\t\t\t\t\twheel           : false,\n\t\t\t\t\t\tautoplay        : true,\n\t\t\t\t\t\tinstantStartLayers:false,\n\t\t\t\t\t\tloop            : true,\n\t\t\t\t\t\tshuffle         : false,\n\t\t\t\t\t\tpreload         : 0,\n\t\t\t\t\t\theightLimit     : true,\n\t\t\t\t\t\tautoHeight      : false,\n\t\t\t\t\t\tsmoothHeight    : true,\n\t\t\t\t\t\tendPause        : false,\n\t\t\t\t\t\toverPause       : false,\n\t\t\t\t\t\tfillMode        : \"fill\",\n\t\t\t\t\t\tcenterControls  : true,\n\t\t\t\t\t\tstartOnAppear   : false,\n\t\t\t\t\t\tlayersMode      : \"center\",\n\t\t\t\t\t\thideLayers      : false,\n\t\t\t\t\t\tfullscreenMargin: 0,\n\t\t\t\t\t\tspeed           : 30,\n\t\t\t\t\t\tdir             : \"h\",\n\t\t\t\t\t\tparallaxMode    : 'swipe',\n\t\t\t\t\t\tview            : \"fade\"\n\t\t\t\t});\n\n\t\t\t\t\n\t\t\t\twindow.masterslider_instances = window.masterslider_instances || [];\n\t\t\t\twindow.masterslider_instances.push( masterslider_0274 );\n\t\t\t });\n\n\t\t})(jQuery);\n\t\t<\/script>\n\n<\/p>\n<p style=\"text-align: center;\">&nbsp;<\/p>\n<h1 style=\"text-align: center;\"><span style=\"color: #333333;\">Sitzplan &amp; Eintrittspreise<\/span><\/h1>\n<h4 style=\"text-align: center;\"><span style=\"color: #ff0000;\"><a style=\"color: #ff0000;\" href=\"https:\/\/www.eventim-light.com\/de\/a\/5d6d2549fb84da000107e7c3\/s\/65c1d51c15780637df26c6fc\" target=\"_blank\" rel=\"noopener\"><em><strong>JETZT TICKETS IM EVENTIM-SHOP KAUFEN!<\/strong><\/em><\/a><\/span><\/h4>\n<p style=\"text-align: center;\"><img decoding=\"async\" loading=\"lazy\" class=\"aligncenter wp-image-881 size-large\" src=\"http:\/\/circus-europa.de\/wp-content\/uploads\/2024\/03\/sitzplanpreise2024-731x1024.jpg\" alt=\"\" width=\"710\" height=\"995\" srcset=\"https:\/\/circus-europa.de\/wp-content\/uploads\/2024\/03\/sitzplanpreise2024-731x1024.jpg 731w, https:\/\/circus-europa.de\/wp-content\/uploads\/2024\/03\/sitzplanpreise2024-214x300.jpg 214w, https:\/\/circus-europa.de\/wp-content\/uploads\/2024\/03\/sitzplanpreise2024-768x1075.jpg 768w, https:\/\/circus-europa.de\/wp-content\/uploads\/2024\/03\/sitzplanpreise2024.jpg 1000w\" sizes=\"(max-width: 710px) 100vw, 710px\" \/><\/p>\n<p style=\"text-align: center;\">&nbsp;<\/p>\n<p style=\"text-align: center;\"><span style=\"color: #333333;\">Kinder unter 2 Jahren haben freien Eintritt, ohne Anspruch auf einen Sitzplatz.<\/span><\/p>\n<p style=\"text-align: center;\"><span style=\"color: #333333;\">Kinder bis 14 Jahre, Sch\u00fcler, Behinderte, Studenten und Rentner bezahlen gegen Vorlage eines g\u00fcltigen Ausweises den erm\u00e4\u00dfigten Preis.<\/span><\/p>\n<p style=\"text-align: center;\"><span style=\"color: #333333;\">Alle Pl\u00e4tze sind unnummeriert.<em> Preise im Vorverkauf zzgl. Geb\u00fchren.<\/em><\/span><\/p>\n<p style=\"text-align: center;\">&nbsp;<\/p>\n<h4 style=\"text-align: center;\"><span style=\"color: #333333;\"><strong>Vorverkauf<\/strong><\/span><\/h4>\n<h3 style=\"text-align: center;\"><span style=\"color: #333333;\">Online bei <\/span><span style=\"color: #000080;\"><strong><a style=\"color: #000080;\" href=\"https:\/\/www.eventim-light.com\/de\/a\/5d6d2549fb84da000107e7c3\/s\/65c1d51c15780637df26c6fc\" target=\"_blank\" rel=\"noopener noreferrer\">EVENTIM<\/a><\/strong><\/span><\/h3>\n<p style=\"text-align: center;\"><span style=\"color: #333333;\">An Vorstellungstagen t\u00e4glich von 11 \u2013 13 Uhr , sowie ab 1 Stunde vor Vorstellungsbeginn an den Circuskassen.<\/span><\/p>\n<p style=\"text-align: center;\">&nbsp;<\/p>\n<h4 style=\"text-align: center;\"><span style=\"color: #333333;\"><strong>Infohotline<\/strong><\/span><\/h4>\n<p style=\"text-align: center;\"><span style=\"color: #333333;\">0162 \/ 938 76 45<\/span>&nbsp;<\/p>\n<p style=\"text-align: center;\">&nbsp;<\/p>\n<h4 style=\"text-align: center;\"><span style=\"color: #333333;\"><strong>Allgemeine Informationen<\/strong><\/span><\/h4>\n<p style=\"text-align: center;\"><span style=\"color: #333333;\">Einlass Vorzelt: 1 Stunde vor Beginn der Vorstellung<\/span><\/p>\n<p style=\"text-align: center;\"><span style=\"color: #333333;\">Einlass Hauptzelt: 30 Minuten vor Beginn der Vorstellung<\/span><\/p>\n<p style=\"text-align: center;\"><span style=\"color: #333333;\">Vorstellungsdauer: ca. 140 Minuten inkl. 20 Minuten Pause&nbsp;&nbsp;<\/span><\/p>\n<p style=\"text-align: center;\"><span style=\"color: #333333;\">Das Zelt ist angenehm temperiert.<\/span><\/p>\n","protected":false},"excerpt":{"rendered":"<p>&nbsp; Sitzplan &amp; Eintrittspreise JETZT TICKETS IM EVENTIM-SHOP KAUFEN! &nbsp; Kinder unter 2 Jahren haben freien Eintritt, ohne Anspruch auf einen Sitzplatz. Kinder bis 14 Jahre, Sch\u00fcler, Behinderte, Studenten und Rentner bezahlen gegen Vorlage eines g\u00fcltigen Ausweises den erm\u00e4\u00dfigten Preis.<a class=\"more-link\" href=\"https:\/\/circus-europa.de\/index.php\/tickets-infos\/\" title=\"Tickets &#038; Infos\"><span>Mehr lesen<\/span><\/a><\/p>\n","protected":false},"author":2,"featured_media":0,"parent":0,"menu_order":20,"comment_status":"closed","ping_status":"closed","template":"","meta":{"ngg_post_thumbnail":0},"_links":{"self":[{"href":"https:\/\/circus-europa.de\/index.php\/wp-json\/wp\/v2\/pages\/56"}],"collection":[{"href":"https:\/\/circus-europa.de\/index.php\/wp-json\/wp\/v2\/pages"}],"about":[{"href":"https:\/\/circus-europa.de\/index.php\/wp-json\/wp\/v2\/types\/page"}],"author":[{"embeddable":true,"href":"https:\/\/circus-europa.de\/index.php\/wp-json\/wp\/v2\/users\/2"}],"replies":[{"embeddable":true,"href":"https:\/\/circus-europa.de\/index.php\/wp-json\/wp\/v2\/comments?post=56"}],"version-history":[{"count":72,"href":"https:\/\/circus-europa.de\/index.php\/wp-json\/wp\/v2\/pages\/56\/revisions"}],"predecessor-version":[{"id":926,"href":"https:\/\/circus-europa.de\/index.php\/wp-json\/wp\/v2\/pages\/56\/revisions\/926"}],"wp:attachment":[{"href":"https:\/\/circus-europa.de\/index.php\/wp-json\/wp\/v2\/media?parent=56"}],"curies":[{"name":"wp","href":"https:\/\/api.w.org\/{rel}","templated":true}]}}