{"id":136,"date":"2017-09-16T19:50:13","date_gmt":"2017-09-16T17:50:13","guid":{"rendered":"http:\/\/circus-europa.de\/index.php\/reiki\/"},"modified":"2024-04-04T14:36:14","modified_gmt":"2024-04-04T12:36:14","slug":"home","status":"publish","type":"page","link":"https:\/\/circus-europa.de\/","title":{"rendered":"Home"},"content":{"rendered":"\n\t\t<!-- MasterSlider -->\n\t\t<div id=\"P_MS6a08daea88cbf\" class=\"master-slider-parent msl ms-parent-id-4\" style=\"max-width:1500px;\"  >\n\n\t\t\t\n\t\t\t<!-- MasterSlider Main -->\n\t\t\t<div id=\"MS6a08daea88cbf\" class=\"master-slider ms-skin-default\" >\n\t\t\t\t \t\t\t\t \n\t\t\t\t<div  class=\"ms-slide\" data-delay=\"7\" data-fill-mode=\"fill\"  >\n\t\t\t\t\t<img src=\"https:\/\/circus-europa.de\/wp-content\/plugins\/master-slider\/public\/assets\/css\/blank.gif\" alt=\"\" title=\"\" data-src=\"https:\/\/circus-europa.de\/wp-content\/uploads\/2024\/03\/SliderHome2024.jpg\" \/>\n\n\n\t<div class=\"ms-thumb\" ><div class=\"ms-tab-context\"><div class=&quot;ms-tab-context&quot;><\/div><\/div>\n<\/div>\n\t\t\t\t<\/div>\n\t\t\t\t<div  class=\"ms-slide\" data-delay=\"2\" data-fill-mode=\"fill\"  >\n\t\t\t\t\t<img src=\"https:\/\/circus-europa.de\/wp-content\/plugins\/master-slider\/public\/assets\/css\/blank.gif\" alt=\"\" title=\"\" data-src=\"https:\/\/circus-europa.de\/wp-content\/uploads\/2017\/04\/SliderHome_2.jpg\" \/>\n\n\n\t<div class=\"ms-thumb\" ><div class=\"ms-tab-context\"><div class=&quot;ms-tab-context&quot;><\/div><\/div>\n<\/div>\n\t\t\t\t<\/div>\n\t\t\t\t<div  class=\"ms-slide\" data-delay=\"2\" data-fill-mode=\"fill\"  >\n\t\t\t\t\t<img src=\"https:\/\/circus-europa.de\/wp-content\/plugins\/master-slider\/public\/assets\/css\/blank.gif\" alt=\"\" title=\"\" data-src=\"https:\/\/circus-europa.de\/wp-content\/uploads\/2017\/04\/SliderHome3.jpg\" \/>\n\n\n\t<div class=\"ms-thumb\" ><div class=\"ms-tab-context\"><div class=&quot;ms-tab-context&quot;><\/div><\/div>\n<\/div>\n\t\t\t\t<\/div>\n\n\t\t\t<\/div>\n\t\t\t<!-- END MasterSlider Main -->\n\n\t\t\t \n\t\t<\/div>\n\t\t<!-- END MasterSlider -->\n\n\t\t<script>\n\t\t(function ( $ ) {\n\t\t\t\"use strict\";\n\n\t\t\t$(function () {\n\t\t\t\tvar masterslider_8cbf = new MasterSlider();\n\n\t\t\t\t\/\/ slider controls\n\n\t\t\t\t\/\/ slider setup\n\t\t\t\tmasterslider_8cbf.setup(\"MS6a08daea88cbf\", {\n\t\t\t\t\t\twidth           : 1500,\n\t\t\t\t\t\theight          : 400,\n\t\t\t\t\t\tminHeight       : 0,\n\t\t\t\t\t\tspace           : 0,\n\t\t\t\t\t\tstart           : 1,\n\t\t\t\t\t\tgrabCursor      : true,\n\t\t\t\t\t\tswipe           : true,\n\t\t\t\t\t\tmouse           : true,\n\t\t\t\t\t\tlayout          : \"boxed\",\n\t\t\t\t\t\twheel           : false,\n\t\t\t\t\t\tautoplay        : true,\n\t\t\t\t\t\tinstantStartLayers:false,\n\t\t\t\t\t\tloop            : true,\n\t\t\t\t\t\tshuffle         : false,\n\t\t\t\t\t\tpreload         : 0,\n\t\t\t\t\t\theightLimit     : true,\n\t\t\t\t\t\tautoHeight      : false,\n\t\t\t\t\t\tsmoothHeight    : true,\n\t\t\t\t\t\tendPause        : false,\n\t\t\t\t\t\toverPause       : false,\n\t\t\t\t\t\tfillMode        : \"fill\",\n\t\t\t\t\t\tcenterControls  : true,\n\t\t\t\t\t\tstartOnAppear   : false,\n\t\t\t\t\t\tlayersMode      : \"center\",\n\t\t\t\t\t\thideLayers      : false,\n\t\t\t\t\t\tfullscreenMargin: 0,\n\t\t\t\t\t\tspeed           : 20,\n\t\t\t\t\t\tdir             : \"h\",\n\t\t\t\t\t\tparallaxMode    : 'swipe',\n\t\t\t\t\t\tview            : \"fade\"\n\t\t\t\t});\n\n\t\t\t\t\n\t\t\t\twindow.masterslider_instances = window.masterslider_instances || [];\n\t\t\t\twindow.masterslider_instances.push( masterslider_8cbf );\n\t\t\t });\n\n\t\t})(jQuery);\n\t\t<\/script>\n\n\n<p>&nbsp;<\/p>\n<h1 style=\"text-align: center;\"><strong><span style=\"color: #333333;\">HAMBURG WIR SIND WIEDER DA!<\/span><\/strong><\/h1>\n<h6 style=\"text-align: center;\"><span style=\"color: #333333;\">Nach dem gro\u00dfen Erfolg 2022 endlich wieder zur\u00fcck! Vom 6. April bis zum 20. Mai 2024 auf der Moorweide in Hamburg!<\/span><\/h6>\n<h6 style=\"text-align: center;\"><span style=\"color: #333333;\">Erleben Sie die neue Show der Superlativen mit Starartisten, Top-Comedians und gro\u00dfem Show-Ballett!<br \/>\n<\/span><\/h6>\n<h4 style=\"text-align: center;\"><span style=\"color: #333333;\"><strong><span style=\"color: #ff0000;\"><a style=\"color: #ff0000;\" href=\"https:\/\/www.eventim-light.com\/de\/a\/5d6d2549fb84da000107e7c3\/s\/65c1d51c15780637df26c6fc\" target=\"_blank\" rel=\"noopener\"><em>Jetzt TICKETS im EVENTIM-SHOP sichern!<\/em><\/a><\/span><\/strong><br \/>\n<\/span><\/h4>\n<hr>\n<h2 style=\"text-align: center;\"><span style=\"color: #333333;\">Herzlich Willkommen im Circus Europa!<\/span><\/h2>\n<p style=\"text-align: center;\"><span style=\"color: #333333;\">Entfliehen Sie dem grauen Alltag und lassen Sie sich begeistern&nbsp;von internationalen Spitzenartisten, preisgekr\u00f6nten Tierdressuren und herzerfrischenden Clowns, umrahmt von Live-Gesang und modernem Ton- &amp; Lichtdesign. Tauchen Sie ein in unsere&nbsp;fantastische Wunderwelt.<\/span><\/p>\n<p style=\"text-align: center;\"><span style=\"color: #333333;\">Schon ganz bald gastieren wir auch in Ihrer N\u00e4he und w\u00fcrden uns freuen, Sie am Rande unserer Manege verzaubern&nbsp;zu d\u00fcrfen.&nbsp;<\/span><\/p>\n<p style=\"text-align: center;\"><span style=\"color: #333333;\">Herzlichst,<\/span><\/p>\n<h5 style=\"text-align: center;\"><span style=\"color: #333333;\"><em>Ihre Familie Frank<\/em><\/span><\/h5>\n<p><img decoding=\"async\" loading=\"lazy\" class=\"aligncenter wp-image-294\" src=\"http:\/\/circus-europa.de\/wp-content\/uploads\/2017\/04\/home_finale.png\" alt=\"CircusEuropa_Gruppenfoto\" width=\"500\" height=\"313\" srcset=\"https:\/\/circus-europa.de\/wp-content\/uploads\/2017\/04\/home_finale.png 800w, https:\/\/circus-europa.de\/wp-content\/uploads\/2017\/04\/home_finale-300x188.png 300w, https:\/\/circus-europa.de\/wp-content\/uploads\/2017\/04\/home_finale-768x480.png 768w\" sizes=\"(max-width: 500px) 100vw, 500px\" \/><\/p>\n","protected":false},"excerpt":{"rendered":"<p>&nbsp; HAMBURG WIR SIND WIEDER DA! Nach dem gro\u00dfen Erfolg 2022 endlich wieder zur\u00fcck! Vom 6. April bis zum 20. Mai 2024 auf der Moorweide in Hamburg! Erleben Sie die neue Show der Superlativen mit Starartisten, Top-Comedians und gro\u00dfem Show-Ballett!<a class=\"more-link\" href=\"https:\/\/circus-europa.de\/\" title=\"Home\"><span>Mehr lesen<\/span><\/a><\/p>\n","protected":false},"author":2,"featured_media":0,"parent":0,"menu_order":0,"comment_status":"closed","ping_status":"closed","template":"","meta":{"ngg_post_thumbnail":0},"_links":{"self":[{"href":"https:\/\/circus-europa.de\/index.php\/wp-json\/wp\/v2\/pages\/136"}],"collection":[{"href":"https:\/\/circus-europa.de\/index.php\/wp-json\/wp\/v2\/pages"}],"about":[{"href":"https:\/\/circus-europa.de\/index.php\/wp-json\/wp\/v2\/types\/page"}],"author":[{"embeddable":true,"href":"https:\/\/circus-europa.de\/index.php\/wp-json\/wp\/v2\/users\/2"}],"replies":[{"embeddable":true,"href":"https:\/\/circus-europa.de\/index.php\/wp-json\/wp\/v2\/comments?post=136"}],"version-history":[{"count":82,"href":"https:\/\/circus-europa.de\/index.php\/wp-json\/wp\/v2\/pages\/136\/revisions"}],"predecessor-version":[{"id":927,"href":"https:\/\/circus-europa.de\/index.php\/wp-json\/wp\/v2\/pages\/136\/revisions\/927"}],"wp:attachment":[{"href":"https:\/\/circus-europa.de\/index.php\/wp-json\/wp\/v2\/media?parent=136"}],"curies":[{"name":"wp","href":"https:\/\/api.w.org\/{rel}","templated":true}]}}